{"id":244734,"date":"2023-04-17T11:56:27","date_gmt":"2023-04-17T09:56:27","guid":{"rendered":"https:\/contacto\/"},"modified":"2023-04-17T13:01:36","modified_gmt":"2023-04-17T11:01:36","slug":"contacto","status":"publish","type":"page","link":"https:\/\/changeable.fr\/es\/contacto\/","title":{"rendered":"Contacto"},"content":{"rendered":"<p>[et_pb_section fb_built=&#8221;1&#8243; _builder_version=&#8221;4.20.4&#8243; _module_preset=&#8221;default&#8221; custom_padding=&#8221;0px||0px||false|false&#8221; global_colors_info=&#8221;{}&#8221;][et_pb_row _builder_version=&#8221;4.20.4&#8243; _module_preset=&#8221;default&#8221; width=&#8221;100%&#8221; max_width=&#8221;100%&#8221; custom_margin=&#8221;||0px||false|false&#8221; custom_padding=&#8221;0px||0px||false|false&#8221; global_colors_info=&#8221;{}&#8221;][et_pb_column type=&#8221;4_4&#8243; _builder_version=&#8221;4.20.4&#8243; _module_preset=&#8221;default&#8221; custom_padding=&#8221;||0px||false|false&#8221; global_colors_info=&#8221;{}&#8221;][et_pb_text _builder_version=&#8221;4.20.4&#8243; _module_preset=&#8221;default&#8221; height=&#8221;500px&#8221; custom_margin=&#8221;||0px||false|false&#8221; custom_padding=&#8221;||0px||false|false&#8221; hover_enabled=&#8221;0&#8243; global_colors_info=&#8221;{}&#8221; sticky_enabled=&#8221;0&#8243;]<\/p>\n<div data-tf-widget=\"vtDPjiKg\" data-tf-opacity=\"100\" data-tf-iframe-props=\"title=Contact Form (ES)\" data-tf-transitive-search-params data-tf-medium=\"snippet\" style=\"width:100%;height:500px;\"><\/div>\n<p><script src=\"\/\/embed.typeform.com\/next\/embed.js\"><\/script>[\/et_pb_text][\/et_pb_column][\/et_pb_row][\/et_pb_section]<\/p>\n","protected":false},"excerpt":{"rendered":"","protected":false},"author":1,"featured_media":0,"parent":0,"menu_order":0,"comment_status":"closed","ping_status":"closed","template":"","meta":{"_acf_changed":false,"_et_pb_use_builder":"on","_et_pb_old_content":"","_et_gb_content_width":"","footnotes":""},"class_list":["post-244734","page","type-page","status-publish","hentry"],"acf":[],"yoast_head":"<!-- This site is optimized with the Yoast SEO plugin v25.6 - https:\/\/yoast.com\/wordpress\/plugins\/seo\/ -->\n<title>Contacto - Changeable<\/title>\n<meta name=\"robots\" content=\"index, follow, max-snippet:-1, max-image-preview:large, max-video-preview:-1\" \/>\n<link rel=\"canonical\" href=\"https:\/\/changeable.fr\/es\/contacto\/\" \/>\n<meta property=\"og:locale\" content=\"es_ES\" \/>\n<meta property=\"og:type\" content=\"article\" \/>\n<meta property=\"og:title\" content=\"Contacto - Changeable\" \/>\n<meta property=\"og:description\" content=\"Sobre nosotrosEl mundo est\u00e1 cambiando con alta frecuencia y est\u00e1 impulsando nuevas transiciones para atravesar los desaf\u00edos que el crecimiento de los seres humanos enfrenta. Estos cambios son de tal magnitud que cualquier organizaci\u00f3n est\u00e1 y estar\u00e1 obligada a reinventarse: en su prop\u00f3sito, en su funcionamiento y en su gobierno corporativo. Nuestra raz\u00f3n de ser [&hellip;]\" \/>\n<meta property=\"og:url\" content=\"https:\/\/changeable.fr\/es\/contacto\/\" \/>\n<meta property=\"og:site_name\" content=\"Changeable\" \/>\n<meta property=\"article:modified_time\" content=\"2023-04-17T11:01:36+00:00\" \/>\n<meta name=\"twitter:card\" content=\"summary_large_image\" \/>\n<meta name=\"twitter:label1\" content=\"Tiempo de lectura\" \/>\n\t<meta name=\"twitter:data1\" content=\"1 minuto\" \/>\n<script type=\"application\/ld+json\" class=\"yoast-schema-graph\">{\"@context\":\"https:\/\/schema.org\",\"@graph\":[{\"@type\":\"WebPage\",\"@id\":\"https:\/\/changeable.fr\/es\/contacto\/\",\"url\":\"https:\/\/changeable.fr\/es\/contacto\/\",\"name\":\"Contacto - Changeable\",\"isPartOf\":{\"@id\":\"https:\/\/www.changeable.fr\/es\/#website\"},\"datePublished\":\"2023-04-17T09:56:27+00:00\",\"dateModified\":\"2023-04-17T11:01:36+00:00\",\"breadcrumb\":{\"@id\":\"https:\/\/changeable.fr\/es\/contacto\/#breadcrumb\"},\"inLanguage\":\"es\",\"potentialAction\":[{\"@type\":\"ReadAction\",\"target\":[\"https:\/\/changeable.fr\/es\/contacto\/\"]}]},{\"@type\":\"BreadcrumbList\",\"@id\":\"https:\/\/changeable.fr\/es\/contacto\/#breadcrumb\",\"itemListElement\":[{\"@type\":\"ListItem\",\"position\":1,\"name\":\"Accueil\",\"item\":\"https:\/\/changeable.fr\/es\/\"},{\"@type\":\"ListItem\",\"position\":2,\"name\":\"Contacto\"}]},{\"@type\":\"WebSite\",\"@id\":\"https:\/\/www.changeable.fr\/es\/#website\",\"url\":\"https:\/\/www.changeable.fr\/es\/\",\"name\":\"Changeable - Agence de design de transformation\",\"description\":\"Agence de design de transformation\",\"publisher\":{\"@id\":\"https:\/\/www.changeable.fr\/es\/#organization\"},\"potentialAction\":[{\"@type\":\"SearchAction\",\"target\":{\"@type\":\"EntryPoint\",\"urlTemplate\":\"https:\/\/www.changeable.fr\/es\/?s={search_term_string}\"},\"query-input\":{\"@type\":\"PropertyValueSpecification\",\"valueRequired\":true,\"valueName\":\"search_term_string\"}}],\"inLanguage\":\"es\"},{\"@type\":\"Organization\",\"@id\":\"https:\/\/www.changeable.fr\/es\/#organization\",\"name\":\"Changeable - Agence de design de transformation\",\"url\":\"https:\/\/www.changeable.fr\/es\/\",\"logo\":{\"@type\":\"ImageObject\",\"inLanguage\":\"es\",\"@id\":\"https:\/\/www.changeable.fr\/es\/#\/schema\/logo\/image\/\",\"url\":\"https:\/\/changeable.fr\/wp-content\/uploads\/2022\/08\/LOGO-CHANGEABLE-ORKNEY-small-min.png\",\"contentUrl\":\"https:\/\/changeable.fr\/wp-content\/uploads\/2022\/08\/LOGO-CHANGEABLE-ORKNEY-small-min.png\",\"width\":1200,\"height\":263,\"caption\":\"Changeable - Agence de design de transformation\"},\"image\":{\"@id\":\"https:\/\/www.changeable.fr\/es\/#\/schema\/logo\/image\/\"}}]}<\/script>\n<!-- \/ Yoast SEO plugin. -->","yoast_head_json":{"title":"Contacto - Changeable","robots":{"index":"index","follow":"follow","max-snippet":"max-snippet:-1","max-image-preview":"max-image-preview:large","max-video-preview":"max-video-preview:-1"},"canonical":"https:\/\/changeable.fr\/es\/contacto\/","og_locale":"es_ES","og_type":"article","og_title":"Contacto - Changeable","og_description":"Sobre nosotrosEl mundo est\u00e1 cambiando con alta frecuencia y est\u00e1 impulsando nuevas transiciones para atravesar los desaf\u00edos que el crecimiento de los seres humanos enfrenta. Estos cambios son de tal magnitud que cualquier organizaci\u00f3n est\u00e1 y estar\u00e1 obligada a reinventarse: en su prop\u00f3sito, en su funcionamiento y en su gobierno corporativo. Nuestra raz\u00f3n de ser [&hellip;]","og_url":"https:\/\/changeable.fr\/es\/contacto\/","og_site_name":"Changeable","article_modified_time":"2023-04-17T11:01:36+00:00","twitter_card":"summary_large_image","twitter_misc":{"Tiempo de lectura":"1 minuto"},"schema":{"@context":"https:\/\/schema.org","@graph":[{"@type":"WebPage","@id":"https:\/\/changeable.fr\/es\/contacto\/","url":"https:\/\/changeable.fr\/es\/contacto\/","name":"Contacto - Changeable","isPartOf":{"@id":"https:\/\/www.changeable.fr\/es\/#website"},"datePublished":"2023-04-17T09:56:27+00:00","dateModified":"2023-04-17T11:01:36+00:00","breadcrumb":{"@id":"https:\/\/changeable.fr\/es\/contacto\/#breadcrumb"},"inLanguage":"es","potentialAction":[{"@type":"ReadAction","target":["https:\/\/changeable.fr\/es\/contacto\/"]}]},{"@type":"BreadcrumbList","@id":"https:\/\/changeable.fr\/es\/contacto\/#breadcrumb","itemListElement":[{"@type":"ListItem","position":1,"name":"Accueil","item":"https:\/\/changeable.fr\/es\/"},{"@type":"ListItem","position":2,"name":"Contacto"}]},{"@type":"WebSite","@id":"https:\/\/www.changeable.fr\/es\/#website","url":"https:\/\/www.changeable.fr\/es\/","name":"Changeable - Agence de design de transformation","description":"Agence de design de transformation","publisher":{"@id":"https:\/\/www.changeable.fr\/es\/#organization"},"potentialAction":[{"@type":"SearchAction","target":{"@type":"EntryPoint","urlTemplate":"https:\/\/www.changeable.fr\/es\/?s={search_term_string}"},"query-input":{"@type":"PropertyValueSpecification","valueRequired":true,"valueName":"search_term_string"}}],"inLanguage":"es"},{"@type":"Organization","@id":"https:\/\/www.changeable.fr\/es\/#organization","name":"Changeable - Agence de design de transformation","url":"https:\/\/www.changeable.fr\/es\/","logo":{"@type":"ImageObject","inLanguage":"es","@id":"https:\/\/www.changeable.fr\/es\/#\/schema\/logo\/image\/","url":"https:\/\/changeable.fr\/wp-content\/uploads\/2022\/08\/LOGO-CHANGEABLE-ORKNEY-small-min.png","contentUrl":"https:\/\/changeable.fr\/wp-content\/uploads\/2022\/08\/LOGO-CHANGEABLE-ORKNEY-small-min.png","width":1200,"height":263,"caption":"Changeable - Agence de design de transformation"},"image":{"@id":"https:\/\/www.changeable.fr\/es\/#\/schema\/logo\/image\/"}}]}},"_links":{"self":[{"href":"https:\/\/changeable.fr\/es\/wp-json\/wp\/v2\/pages\/244734"}],"collection":[{"href":"https:\/\/changeable.fr\/es\/wp-json\/wp\/v2\/pages"}],"about":[{"href":"https:\/\/changeable.fr\/es\/wp-json\/wp\/v2\/types\/page"}],"author":[{"embeddable":true,"href":"https:\/\/changeable.fr\/es\/wp-json\/wp\/v2\/users\/1"}],"replies":[{"embeddable":true,"href":"https:\/\/changeable.fr\/es\/wp-json\/wp\/v2\/comments?post=244734"}],"version-history":[{"count":0,"href":"https:\/\/changeable.fr\/es\/wp-json\/wp\/v2\/pages\/244734\/revisions"}],"wp:attachment":[{"href":"https:\/\/changeable.fr\/es\/wp-json\/wp\/v2\/media?parent=244734"}],"curies":[{"name":"wp","href":"https:\/\/api.w.org\/{rel}","templated":true}]}}