{"id":244707,"date":"2023-04-13T15:19:33","date_gmt":"2023-04-13T13:19:33","guid":{"rendered":"https:\/carrera\/"},"modified":"2023-04-13T15:24:28","modified_gmt":"2023-04-13T13:24:28","slug":"carrera","status":"publish","type":"page","link":"https:\/\/changeable.fr\/es\/carrera\/","title":{"rendered":"Carrera"},"content":{"rendered":"<p>[et_pb_section fb_built=&#8221;1&#8243; theme_builder_area=&#8221;post_content&#8221; _builder_version=&#8221;4.20.4&#8243; _module_preset=&#8221;default&#8221;][et_pb_row _builder_version=&#8221;4.20.4&#8243; _module_preset=&#8221;default&#8221; theme_builder_area=&#8221;post_content&#8221;][et_pb_column _builder_version=&#8221;4.20.4&#8243; _module_preset=&#8221;default&#8221; type=&#8221;4_4&#8243; theme_builder_area=&#8221;post_content&#8221;][\/et_pb_column][\/et_pb_row][\/et_pb_section]<\/p>\n","protected":false},"excerpt":{"rendered":"","protected":false},"author":1,"featured_media":0,"parent":0,"menu_order":0,"comment_status":"closed","ping_status":"closed","template":"","meta":{"_acf_changed":false,"_et_pb_use_builder":"on","_et_pb_old_content":"","_et_gb_content_width":"","footnotes":""},"class_list":["post-244707","page","type-page","status-publish","hentry"],"acf":[],"yoast_head":"<!-- This site is optimized with the Yoast SEO plugin v25.6 - https:\/\/yoast.com\/wordpress\/plugins\/seo\/ -->\n<title>Carrera - Changeable<\/title>\n<meta name=\"robots\" content=\"index, follow, max-snippet:-1, max-image-preview:large, max-video-preview:-1\" \/>\n<link rel=\"canonical\" href=\"https:\/\/changeable.fr\/es\/carrera\/\" \/>\n<meta property=\"og:locale\" content=\"es_ES\" \/>\n<meta property=\"og:type\" content=\"article\" \/>\n<meta property=\"og:title\" content=\"Carrera - Changeable\" \/>\n<meta property=\"og:description\" content=\"Sobre nosotrosEl mundo est\u00e1 cambiando con alta frecuencia y est\u00e1 impulsando nuevas transiciones para atravesar los desaf\u00edos que el crecimiento de los seres humanos enfrenta. Estos cambios son de tal magnitud que cualquier organizaci\u00f3n est\u00e1 y estar\u00e1 obligada a reinventarse: en su prop\u00f3sito, en su funcionamiento y en su gobierno corporativo. Nuestra raz\u00f3n de ser [&hellip;]\" \/>\n<meta property=\"og:url\" content=\"https:\/\/changeable.fr\/es\/carrera\/\" \/>\n<meta property=\"og:site_name\" content=\"Changeable\" \/>\n<meta property=\"article:modified_time\" content=\"2023-04-13T13:24:28+00:00\" \/>\n<meta name=\"twitter:card\" content=\"summary_large_image\" \/>\n<script type=\"application\/ld+json\" class=\"yoast-schema-graph\">{\"@context\":\"https:\/\/schema.org\",\"@graph\":[{\"@type\":\"WebPage\",\"@id\":\"https:\/\/changeable.fr\/es\/carrera\/\",\"url\":\"https:\/\/changeable.fr\/es\/carrera\/\",\"name\":\"Carrera - Changeable\",\"isPartOf\":{\"@id\":\"https:\/\/www.changeable.fr\/es\/#website\"},\"datePublished\":\"2023-04-13T13:19:33+00:00\",\"dateModified\":\"2023-04-13T13:24:28+00:00\",\"breadcrumb\":{\"@id\":\"https:\/\/changeable.fr\/es\/carrera\/#breadcrumb\"},\"inLanguage\":\"es\",\"potentialAction\":[{\"@type\":\"ReadAction\",\"target\":[\"https:\/\/changeable.fr\/es\/carrera\/\"]}]},{\"@type\":\"BreadcrumbList\",\"@id\":\"https:\/\/changeable.fr\/es\/carrera\/#breadcrumb\",\"itemListElement\":[{\"@type\":\"ListItem\",\"position\":1,\"name\":\"Accueil\",\"item\":\"https:\/\/changeable.fr\/es\/\"},{\"@type\":\"ListItem\",\"position\":2,\"name\":\"Carrera\"}]},{\"@type\":\"WebSite\",\"@id\":\"https:\/\/www.changeable.fr\/es\/#website\",\"url\":\"https:\/\/www.changeable.fr\/es\/\",\"name\":\"Changeable - Agence de design de transformation\",\"description\":\"Agence de design de transformation\",\"publisher\":{\"@id\":\"https:\/\/www.changeable.fr\/es\/#organization\"},\"potentialAction\":[{\"@type\":\"SearchAction\",\"target\":{\"@type\":\"EntryPoint\",\"urlTemplate\":\"https:\/\/www.changeable.fr\/es\/?s={search_term_string}\"},\"query-input\":{\"@type\":\"PropertyValueSpecification\",\"valueRequired\":true,\"valueName\":\"search_term_string\"}}],\"inLanguage\":\"es\"},{\"@type\":\"Organization\",\"@id\":\"https:\/\/www.changeable.fr\/es\/#organization\",\"name\":\"Changeable - Agence de design de transformation\",\"url\":\"https:\/\/www.changeable.fr\/es\/\",\"logo\":{\"@type\":\"ImageObject\",\"inLanguage\":\"es\",\"@id\":\"https:\/\/www.changeable.fr\/es\/#\/schema\/logo\/image\/\",\"url\":\"https:\/\/changeable.fr\/wp-content\/uploads\/2022\/08\/LOGO-CHANGEABLE-ORKNEY-small-min.png\",\"contentUrl\":\"https:\/\/changeable.fr\/wp-content\/uploads\/2022\/08\/LOGO-CHANGEABLE-ORKNEY-small-min.png\",\"width\":1200,\"height\":263,\"caption\":\"Changeable - Agence de design de transformation\"},\"image\":{\"@id\":\"https:\/\/www.changeable.fr\/es\/#\/schema\/logo\/image\/\"}}]}<\/script>\n<!-- \/ Yoast SEO plugin. -->","yoast_head_json":{"title":"Carrera - Changeable","robots":{"index":"index","follow":"follow","max-snippet":"max-snippet:-1","max-image-preview":"max-image-preview:large","max-video-preview":"max-video-preview:-1"},"canonical":"https:\/\/changeable.fr\/es\/carrera\/","og_locale":"es_ES","og_type":"article","og_title":"Carrera - Changeable","og_description":"Sobre nosotrosEl mundo est\u00e1 cambiando con alta frecuencia y est\u00e1 impulsando nuevas transiciones para atravesar los desaf\u00edos que el crecimiento de los seres humanos enfrenta. Estos cambios son de tal magnitud que cualquier organizaci\u00f3n est\u00e1 y estar\u00e1 obligada a reinventarse: en su prop\u00f3sito, en su funcionamiento y en su gobierno corporativo. Nuestra raz\u00f3n de ser [&hellip;]","og_url":"https:\/\/changeable.fr\/es\/carrera\/","og_site_name":"Changeable","article_modified_time":"2023-04-13T13:24:28+00:00","twitter_card":"summary_large_image","schema":{"@context":"https:\/\/schema.org","@graph":[{"@type":"WebPage","@id":"https:\/\/changeable.fr\/es\/carrera\/","url":"https:\/\/changeable.fr\/es\/carrera\/","name":"Carrera - Changeable","isPartOf":{"@id":"https:\/\/www.changeable.fr\/es\/#website"},"datePublished":"2023-04-13T13:19:33+00:00","dateModified":"2023-04-13T13:24:28+00:00","breadcrumb":{"@id":"https:\/\/changeable.fr\/es\/carrera\/#breadcrumb"},"inLanguage":"es","potentialAction":[{"@type":"ReadAction","target":["https:\/\/changeable.fr\/es\/carrera\/"]}]},{"@type":"BreadcrumbList","@id":"https:\/\/changeable.fr\/es\/carrera\/#breadcrumb","itemListElement":[{"@type":"ListItem","position":1,"name":"Accueil","item":"https:\/\/changeable.fr\/es\/"},{"@type":"ListItem","position":2,"name":"Carrera"}]},{"@type":"WebSite","@id":"https:\/\/www.changeable.fr\/es\/#website","url":"https:\/\/www.changeable.fr\/es\/","name":"Changeable - Agence de design de transformation","description":"Agence de design de transformation","publisher":{"@id":"https:\/\/www.changeable.fr\/es\/#organization"},"potentialAction":[{"@type":"SearchAction","target":{"@type":"EntryPoint","urlTemplate":"https:\/\/www.changeable.fr\/es\/?s={search_term_string}"},"query-input":{"@type":"PropertyValueSpecification","valueRequired":true,"valueName":"search_term_string"}}],"inLanguage":"es"},{"@type":"Organization","@id":"https:\/\/www.changeable.fr\/es\/#organization","name":"Changeable - Agence de design de transformation","url":"https:\/\/www.changeable.fr\/es\/","logo":{"@type":"ImageObject","inLanguage":"es","@id":"https:\/\/www.changeable.fr\/es\/#\/schema\/logo\/image\/","url":"https:\/\/changeable.fr\/wp-content\/uploads\/2022\/08\/LOGO-CHANGEABLE-ORKNEY-small-min.png","contentUrl":"https:\/\/changeable.fr\/wp-content\/uploads\/2022\/08\/LOGO-CHANGEABLE-ORKNEY-small-min.png","width":1200,"height":263,"caption":"Changeable - Agence de design de transformation"},"image":{"@id":"https:\/\/www.changeable.fr\/es\/#\/schema\/logo\/image\/"}}]}},"_links":{"self":[{"href":"https:\/\/changeable.fr\/es\/wp-json\/wp\/v2\/pages\/244707"}],"collection":[{"href":"https:\/\/changeable.fr\/es\/wp-json\/wp\/v2\/pages"}],"about":[{"href":"https:\/\/changeable.fr\/es\/wp-json\/wp\/v2\/types\/page"}],"author":[{"embeddable":true,"href":"https:\/\/changeable.fr\/es\/wp-json\/wp\/v2\/users\/1"}],"replies":[{"embeddable":true,"href":"https:\/\/changeable.fr\/es\/wp-json\/wp\/v2\/comments?post=244707"}],"version-history":[{"count":0,"href":"https:\/\/changeable.fr\/es\/wp-json\/wp\/v2\/pages\/244707\/revisions"}],"wp:attachment":[{"href":"https:\/\/changeable.fr\/es\/wp-json\/wp\/v2\/media?parent=244707"}],"curies":[{"name":"wp","href":"https:\/\/api.w.org\/{rel}","templated":true}]}}