{"id":244167,"date":"2022-10-13T11:28:00","date_gmt":"2022-10-13T09:28:00","guid":{"rendered":"https:\/emprendimiento-para-vivir\/"},"modified":"2023-04-06T15:40:11","modified_gmt":"2023-04-06T13:40:11","slug":"emprendimiento-para-vivir","status":"publish","type":"page","link":"https:\/\/changeable.fr\/es\/emprendimiento-para-vivir\/","title":{"rendered":"Emprendimiento para vivir"},"content":{"rendered":"<p>[et_pb_section fb_built=&#8221;1&#8243; inner_shadow=&#8221;on&#8221; _builder_version=&#8221;4.20.2&#8243; _module_preset=&#8221;default&#8221; use_background_color_gradient=&#8221;on&#8221; background_color_gradient_stops=&#8221;rgba(0,0,0,0.64) 0%|rgba(0,0,0,0.64) 100%&#8221; background_color_gradient_overlays_image=&#8221;on&#8221; background_image=&#8221;https:\/\/changeable.fr\/wp-content\/uploads\/2023\/04\/digitization-ga8747db90_1920-Copie.jpg&#8221; height=&#8221;265px&#8221; hover_enabled=&#8221;0&#8243; global_colors_info=&#8221;{}&#8221; title_text=&#8221;digitization-ga8747db90_1920 &#8211; Copie&#8221; sticky_enabled=&#8221;0&#8243;][et_pb_row _builder_version=&#8221;4.16&#8243; _module_preset=&#8221;default&#8221; global_colors_info=&#8221;{}&#8221;][et_pb_column type=&#8221;4_4&#8243; _builder_version=&#8221;4.16&#8243; _module_preset=&#8221;default&#8221; global_colors_info=&#8221;{}&#8221;][et_pb_text _builder_version=&#8221;4.18.0&#8243; _module_preset=&#8221;default&#8221; text_text_color=&#8221;#FFFFFF&#8221; header_font=&#8221;Ubuntu|700|||||||&#8221; header_text_align=&#8221;center&#8221; header_text_color=&#8221;#FFFFFF&#8221; header_font_size=&#8221;60px&#8221; custom_margin=&#8221;16px||||false|false&#8221; global_colors_info=&#8221;{}&#8221;]<\/p>\n<h1>Emprendimiento para vivir<\/h1>\n<p>[\/et_pb_text][\/et_pb_column][\/et_pb_row][\/et_pb_section][et_pb_section fb_built=&#8221;1&#8243; _builder_version=&#8221;4.18.0&#8243; _module_preset=&#8221;default&#8221; custom_margin=&#8221;||||false|false&#8221; custom_padding=&#8221;20px||20px||false|false&#8221; global_colors_info=&#8221;{}&#8221;][et_pb_row _builder_version=&#8221;4.17.6&#8243; _module_preset=&#8221;default&#8221; global_colors_info=&#8221;{}&#8221;][et_pb_column type=&#8221;4_4&#8243; _builder_version=&#8221;4.17.6&#8243; _module_preset=&#8221;default&#8221; global_colors_info=&#8221;{}&#8221;][et_pb_text _builder_version=&#8221;4.18.0&#8243; _module_preset=&#8221;default&#8221; header_2_font=&#8221;Ubuntu||||||||&#8221; header_2_text_align=&#8221;center&#8221; header_2_font_size=&#8221;28px&#8221; global_colors_info=&#8221;{}&#8221;]<\/p>\n<h2>\u201cEmprender para sobrevivir\u201d o \u201cEconom\u00eda Viva\u201d<\/h2>\n<p>[\/et_pb_text][et_pb_text _builder_version=&#8221;4.18.0&#8243; _module_preset=&#8221;default&#8221; text_font=&#8221;Hind Vadodara|300|||||||&#8221; text_font_size=&#8221;17px&#8221; width=&#8221;85%&#8221; max_width=&#8221;100%&#8221; module_alignment=&#8221;center&#8221; global_colors_info=&#8221;{}&#8221;]<\/p>\n<p>Los \u00faltimos informes y estudios del IPCC y de la ONU nos recuerdan la interdependencia entre la preservaci\u00f3n de un entorno favorable para la vida y todas las actividades humanas.<\/p>\n<p>[\/et_pb_text][et_pb_text _builder_version=&#8221;4.18.0&#8243; _module_preset=&#8221;default&#8221; text_font=&#8221;Hind Vadodara|300|||||||&#8221; text_font_size=&#8221;17px&#8221; width=&#8221;85%&#8221; max_width=&#8221;100%&#8221; module_alignment=&#8221;center&#8221; global_colors_info=&#8221;{}&#8221;]<\/p>\n<p>En este sentido, nos invitan a renovar constantemente nuestros paradigmas en el origen de la forma actual de nuestras sociedades y nuestras actividades, y as\u00ed reconstruir nuestras organizaciones, nuestras formas de vida y sus adscritos (educaci\u00f3n, empresa, estado&#8230; ) para \u201ctener como objetivo el crecimiento de los organismos vivos en su conjunto\u201d.<\/p>\n<p>[\/et_pb_text][et_pb_text _builder_version=&#8221;4.18.0&#8243; _module_preset=&#8221;default&#8221; text_font=&#8221;Hind Vadodara|300|||||||&#8221; text_font_size=&#8221;17px&#8221; width=&#8221;85%&#8221; max_width=&#8221;100%&#8221; module_alignment=&#8221;center&#8221; global_colors_info=&#8221;{}&#8221;]<\/p>\n<p>Por lo tanto, todas nuestras organizaciones humanas las que deben evolucionar, cambiar, mutar, transformarse para \u201ccontribuir a la prosperidad compartida, a crear valor cuidando de nosotros mismos, de nuestras sociedades y de los ecosistemas que nos acogen\u201d.<\/p>\n<p>[\/et_pb_text][\/et_pb_column][\/et_pb_row][\/et_pb_section]<\/p>\n","protected":false},"excerpt":{"rendered":"<p>Emprendimiento para vivir\u201cEmprender para sobrevivir\u201d o \u201cEconom\u00eda Viva\u201dLos \u00faltimos informes y estudios del IPCC y de la ONU nos recuerdan la interdependencia entre la preservaci\u00f3n de un entorno favorable para la vida y todas las actividades humanas.En este sentido, nos invitan a renovar constantemente nuestros paradigmas en el origen de la forma actual de nuestras [&hellip;]<\/p>\n","protected":false},"author":1,"featured_media":0,"parent":0,"menu_order":0,"comment_status":"closed","ping_status":"closed","template":"","meta":{"_acf_changed":false,"_et_pb_use_builder":"on","_et_pb_old_content":"","_et_gb_content_width":"","footnotes":""},"class_list":["post-244167","page","type-page","status-publish","hentry"],"acf":[],"yoast_head":"<!-- This site is optimized with the Yoast SEO plugin v25.6 - https:\/\/yoast.com\/wordpress\/plugins\/seo\/ -->\n<title>Emprendimiento para vivir - Changeable<\/title>\n<meta name=\"robots\" content=\"index, follow, max-snippet:-1, max-image-preview:large, max-video-preview:-1\" \/>\n<link rel=\"canonical\" href=\"https:\/\/changeable.fr\/es\/emprendimiento-para-vivir\/\" \/>\n<meta property=\"og:locale\" content=\"es_ES\" \/>\n<meta property=\"og:type\" content=\"article\" \/>\n<meta property=\"og:title\" content=\"Emprendimiento para vivir - Changeable\" \/>\n<meta property=\"og:description\" content=\"Sobre nosotrosEl mundo est\u00e1 cambiando con alta frecuencia y est\u00e1 impulsando nuevas transiciones para atravesar los desaf\u00edos que el crecimiento de los seres humanos enfrenta. Estos cambios son de tal magnitud que cualquier organizaci\u00f3n est\u00e1 y estar\u00e1 obligada a reinventarse: en su prop\u00f3sito, en su funcionamiento y en su gobierno corporativo. Nuestra raz\u00f3n de ser [&hellip;]\" \/>\n<meta property=\"og:url\" content=\"https:\/\/changeable.fr\/es\/emprendimiento-para-vivir\/\" \/>\n<meta property=\"og:site_name\" content=\"Changeable\" \/>\n<meta property=\"article:modified_time\" content=\"2023-04-06T13:40:11+00:00\" \/>\n<meta name=\"twitter:card\" content=\"summary_large_image\" \/>\n<meta name=\"twitter:label1\" content=\"Tiempo de lectura\" \/>\n\t<meta name=\"twitter:data1\" content=\"2 minutos\" \/>\n<script type=\"application\/ld+json\" class=\"yoast-schema-graph\">{\"@context\":\"https:\/\/schema.org\",\"@graph\":[{\"@type\":\"WebPage\",\"@id\":\"https:\/\/changeable.fr\/es\/emprendimiento-para-vivir\/\",\"url\":\"https:\/\/changeable.fr\/es\/emprendimiento-para-vivir\/\",\"name\":\"Emprendimiento para vivir - Changeable\",\"isPartOf\":{\"@id\":\"https:\/\/www.changeable.fr\/es\/#website\"},\"datePublished\":\"2022-10-13T09:28:00+00:00\",\"dateModified\":\"2023-04-06T13:40:11+00:00\",\"breadcrumb\":{\"@id\":\"https:\/\/changeable.fr\/es\/emprendimiento-para-vivir\/#breadcrumb\"},\"inLanguage\":\"es\",\"potentialAction\":[{\"@type\":\"ReadAction\",\"target\":[\"https:\/\/changeable.fr\/es\/emprendimiento-para-vivir\/\"]}]},{\"@type\":\"BreadcrumbList\",\"@id\":\"https:\/\/changeable.fr\/es\/emprendimiento-para-vivir\/#breadcrumb\",\"itemListElement\":[{\"@type\":\"ListItem\",\"position\":1,\"name\":\"Accueil\",\"item\":\"https:\/\/changeable.fr\/es\/\"},{\"@type\":\"ListItem\",\"position\":2,\"name\":\"Emprendimiento para vivir\"}]},{\"@type\":\"WebSite\",\"@id\":\"https:\/\/www.changeable.fr\/es\/#website\",\"url\":\"https:\/\/www.changeable.fr\/es\/\",\"name\":\"Changeable - Agence de design de transformation\",\"description\":\"Agence de design de transformation\",\"publisher\":{\"@id\":\"https:\/\/www.changeable.fr\/es\/#organization\"},\"potentialAction\":[{\"@type\":\"SearchAction\",\"target\":{\"@type\":\"EntryPoint\",\"urlTemplate\":\"https:\/\/www.changeable.fr\/es\/?s={search_term_string}\"},\"query-input\":{\"@type\":\"PropertyValueSpecification\",\"valueRequired\":true,\"valueName\":\"search_term_string\"}}],\"inLanguage\":\"es\"},{\"@type\":\"Organization\",\"@id\":\"https:\/\/www.changeable.fr\/es\/#organization\",\"name\":\"Changeable - Agence de design de transformation\",\"url\":\"https:\/\/www.changeable.fr\/es\/\",\"logo\":{\"@type\":\"ImageObject\",\"inLanguage\":\"es\",\"@id\":\"https:\/\/www.changeable.fr\/es\/#\/schema\/logo\/image\/\",\"url\":\"https:\/\/changeable.fr\/wp-content\/uploads\/2022\/08\/LOGO-CHANGEABLE-ORKNEY-small-min.png\",\"contentUrl\":\"https:\/\/changeable.fr\/wp-content\/uploads\/2022\/08\/LOGO-CHANGEABLE-ORKNEY-small-min.png\",\"width\":1200,\"height\":263,\"caption\":\"Changeable - Agence de design de transformation\"},\"image\":{\"@id\":\"https:\/\/www.changeable.fr\/es\/#\/schema\/logo\/image\/\"}}]}<\/script>\n<!-- \/ Yoast SEO plugin. -->","yoast_head_json":{"title":"Emprendimiento para vivir - Changeable","robots":{"index":"index","follow":"follow","max-snippet":"max-snippet:-1","max-image-preview":"max-image-preview:large","max-video-preview":"max-video-preview:-1"},"canonical":"https:\/\/changeable.fr\/es\/emprendimiento-para-vivir\/","og_locale":"es_ES","og_type":"article","og_title":"Emprendimiento para vivir - Changeable","og_description":"Sobre nosotrosEl mundo est\u00e1 cambiando con alta frecuencia y est\u00e1 impulsando nuevas transiciones para atravesar los desaf\u00edos que el crecimiento de los seres humanos enfrenta. Estos cambios son de tal magnitud que cualquier organizaci\u00f3n est\u00e1 y estar\u00e1 obligada a reinventarse: en su prop\u00f3sito, en su funcionamiento y en su gobierno corporativo. Nuestra raz\u00f3n de ser [&hellip;]","og_url":"https:\/\/changeable.fr\/es\/emprendimiento-para-vivir\/","og_site_name":"Changeable","article_modified_time":"2023-04-06T13:40:11+00:00","twitter_card":"summary_large_image","twitter_misc":{"Tiempo de lectura":"2 minutos"},"schema":{"@context":"https:\/\/schema.org","@graph":[{"@type":"WebPage","@id":"https:\/\/changeable.fr\/es\/emprendimiento-para-vivir\/","url":"https:\/\/changeable.fr\/es\/emprendimiento-para-vivir\/","name":"Emprendimiento para vivir - Changeable","isPartOf":{"@id":"https:\/\/www.changeable.fr\/es\/#website"},"datePublished":"2022-10-13T09:28:00+00:00","dateModified":"2023-04-06T13:40:11+00:00","breadcrumb":{"@id":"https:\/\/changeable.fr\/es\/emprendimiento-para-vivir\/#breadcrumb"},"inLanguage":"es","potentialAction":[{"@type":"ReadAction","target":["https:\/\/changeable.fr\/es\/emprendimiento-para-vivir\/"]}]},{"@type":"BreadcrumbList","@id":"https:\/\/changeable.fr\/es\/emprendimiento-para-vivir\/#breadcrumb","itemListElement":[{"@type":"ListItem","position":1,"name":"Accueil","item":"https:\/\/changeable.fr\/es\/"},{"@type":"ListItem","position":2,"name":"Emprendimiento para vivir"}]},{"@type":"WebSite","@id":"https:\/\/www.changeable.fr\/es\/#website","url":"https:\/\/www.changeable.fr\/es\/","name":"Changeable - Agence de design de transformation","description":"Agence de design de transformation","publisher":{"@id":"https:\/\/www.changeable.fr\/es\/#organization"},"potentialAction":[{"@type":"SearchAction","target":{"@type":"EntryPoint","urlTemplate":"https:\/\/www.changeable.fr\/es\/?s={search_term_string}"},"query-input":{"@type":"PropertyValueSpecification","valueRequired":true,"valueName":"search_term_string"}}],"inLanguage":"es"},{"@type":"Organization","@id":"https:\/\/www.changeable.fr\/es\/#organization","name":"Changeable - Agence de design de transformation","url":"https:\/\/www.changeable.fr\/es\/","logo":{"@type":"ImageObject","inLanguage":"es","@id":"https:\/\/www.changeable.fr\/es\/#\/schema\/logo\/image\/","url":"https:\/\/changeable.fr\/wp-content\/uploads\/2022\/08\/LOGO-CHANGEABLE-ORKNEY-small-min.png","contentUrl":"https:\/\/changeable.fr\/wp-content\/uploads\/2022\/08\/LOGO-CHANGEABLE-ORKNEY-small-min.png","width":1200,"height":263,"caption":"Changeable - Agence de design de transformation"},"image":{"@id":"https:\/\/www.changeable.fr\/es\/#\/schema\/logo\/image\/"}}]}},"_links":{"self":[{"href":"https:\/\/changeable.fr\/es\/wp-json\/wp\/v2\/pages\/244167"}],"collection":[{"href":"https:\/\/changeable.fr\/es\/wp-json\/wp\/v2\/pages"}],"about":[{"href":"https:\/\/changeable.fr\/es\/wp-json\/wp\/v2\/types\/page"}],"author":[{"embeddable":true,"href":"https:\/\/changeable.fr\/es\/wp-json\/wp\/v2\/users\/1"}],"replies":[{"embeddable":true,"href":"https:\/\/changeable.fr\/es\/wp-json\/wp\/v2\/comments?post=244167"}],"version-history":[{"count":0,"href":"https:\/\/changeable.fr\/es\/wp-json\/wp\/v2\/pages\/244167\/revisions"}],"wp:attachment":[{"href":"https:\/\/changeable.fr\/es\/wp-json\/wp\/v2\/media?parent=244167"}],"curies":[{"name":"wp","href":"https:\/\/api.w.org\/{rel}","templated":true}]}}