{"id":244155,"date":"2022-08-19T19:41:10","date_gmt":"2022-08-19T17:41:10","guid":{"rendered":"https:\/para-quienes-trabajamos\/"},"modified":"2023-04-06T15:30:20","modified_gmt":"2023-04-06T13:30:20","slug":"para-quienes-trabajamos","status":"publish","type":"page","link":"https:\/\/changeable.fr\/es\/para-quienes-trabajamos\/","title":{"rendered":"\u00bfPara qui\u00e9nes trabajamos?"},"content":{"rendered":"<p>[et_pb_section fb_built=&#8221;1&#8243; inner_shadow=&#8221;on&#8221; _builder_version=&#8221;4.20.2&#8243; _module_preset=&#8221;default&#8221; use_background_color_gradient=&#8221;on&#8221; background_color_gradient_stops=&#8221;rgba(0,0,0,0.64) 0%|rgba(0,0,0,0.64) 100%&#8221; background_color_gradient_overlays_image=&#8221;on&#8221; background_image=&#8221;https:\/\/changeable.fr\/wp-content\/uploads\/2023\/04\/digitization-ga8747db90_1920-Copie.jpg&#8221; height=&#8221;265px&#8221; hover_enabled=&#8221;0&#8243; global_colors_info=&#8221;{}&#8221; title_text=&#8221;digitization-ga8747db90_1920 &#8211; Copie&#8221; sticky_enabled=&#8221;0&#8243;][et_pb_row _builder_version=&#8221;4.16&#8243; _module_preset=&#8221;default&#8221; global_colors_info=&#8221;{}&#8221;][et_pb_column type=&#8221;4_4&#8243; _builder_version=&#8221;4.16&#8243; _module_preset=&#8221;default&#8221; global_colors_info=&#8221;{}&#8221;][et_pb_text _builder_version=&#8221;4.18.0&#8243; _module_preset=&#8221;default&#8221; text_text_color=&#8221;#FFFFFF&#8221; header_font=&#8221;Ubuntu|700|||||||&#8221; header_text_align=&#8221;center&#8221; header_text_color=&#8221;#FFFFFF&#8221; header_font_size=&#8221;60px&#8221; custom_margin=&#8221;16px||||false|false&#8221; global_colors_info=&#8221;{}&#8221;]<\/p>\n<h1>\u00bfPara qui\u00e9nes trabajamos?<\/h1>\n<p>[\/et_pb_text][\/et_pb_column][\/et_pb_row][\/et_pb_section][et_pb_section fb_built=&#8221;1&#8243; _builder_version=&#8221;4.18.0&#8243; _module_preset=&#8221;default&#8221; custom_margin=&#8221;||||false|false&#8221; custom_padding=&#8221;20px||0px||false|false&#8221; global_colors_info=&#8221;{}&#8221;][et_pb_row _builder_version=&#8221;4.18.0&#8243; _module_preset=&#8221;default&#8221; custom_margin=&#8221;||0px||false|false&#8221; custom_padding=&#8221;||0px||false|false&#8221; global_colors_info=&#8221;{}&#8221;][et_pb_column type=&#8221;4_4&#8243; _builder_version=&#8221;4.17.6&#8243; _module_preset=&#8221;default&#8221; global_colors_info=&#8221;{}&#8221;][et_pb_text _builder_version=&#8221;4.18.0&#8243; _module_preset=&#8221;default&#8221; text_font=&#8221;Hind Vadodara||||||||&#8221; text_text_color=&#8221;#303030&#8243; text_font_size=&#8221;21px&#8221; header_2_font=&#8221;Ubuntu||||||||&#8221; header_2_text_align=&#8221;center&#8221; header_2_font_size=&#8221;28px&#8221; width=&#8221;85%&#8221; max_width=&#8221;100%&#8221; module_alignment=&#8221;center&#8221; global_colors_info=&#8221;{}&#8221;]<\/p>\n<h2>Retos vitales que deben abordar las organizaciones<\/h2>\n<p>[\/et_pb_text][et_pb_text _builder_version=&#8221;4.19.0&#8243; _module_preset=&#8221;default&#8221; text_font=&#8221;Hind Vadodara|300|||||||&#8221; text_font_size=&#8221;17px&#8221; width=&#8221;85%&#8221; max_width=&#8221;100%&#8221; module_alignment=&#8221;center&#8221; global_colors_info=&#8221;{}&#8221;]<\/p>\n<p>Nos estamos enfrentando, y nos seguiremos enfrentando, a importantes transiciones sociales y ambientales. Y este impacto ser\u00e1 un cambio radical en nuestros estilos de vida. Si nuestra forma de consumir bienes y servicios cambia, entonces (todas) las organizaciones deben hoy evolucionar su modelo de negocio, modo de operaci\u00f3n, productos y servicios. Y para ello, cambiar su cultura, que oriente como una br\u00fajula el comportamiento de los colaboradores, la innovaci\u00f3n\u2026 El reto es entonces alinear la cultura de la organizaci\u00f3n con los nuevos paradigmas que surgen de estas transiciones, es decir, sobre la \u201cEconom\u00eda viva\u201d, o incluso \u201cEmprender para sobrevivir\u201d.<\/p>\n<p>[\/et_pb_text][et_pb_text _builder_version=&#8221;4.19.0&#8243; _module_preset=&#8221;default&#8221; text_font=&#8221;Hind Vadodara|300|||||||&#8221; text_text_color=&#8221;#515151&#8243; text_font_size=&#8221;17px&#8221; width=&#8221;85%&#8221; max_width=&#8221;100%&#8221; module_alignment=&#8221;center&#8221; custom_css_main_element=&#8221;font-weight: 600;&#8221; global_colors_info=&#8221;{}&#8221;]<\/p>\n<p><span style=\"font-size: large;\">Nuestra raz\u00f3n de ser es apoyar a las organizaciones en su Transici\u00f3n Cultural hacia la &#8220;Econom\u00eda Viva&#8221;.<\/span><\/p>\n<p>[\/et_pb_text][\/et_pb_column][\/et_pb_row][et_pb_row column_structure=&#8221;1_2,1_2&#8243; use_custom_gutter=&#8221;on&#8221; gutter_width=&#8221;1&#8243; _builder_version=&#8221;4.18.0&#8243; _module_preset=&#8221;default&#8221; width=&#8221;65%&#8221; max_width=&#8221;100%&#8221; global_colors_info=&#8221;{}&#8221;][et_pb_column type=&#8221;1_2&#8243; _builder_version=&#8221;4.18.0&#8243; _module_preset=&#8221;default&#8221; global_colors_info=&#8221;{}&#8221;][et_pb_text _builder_version=&#8221;4.19.0&#8243; _module_preset=&#8221;default&#8221; text_font=&#8221;Hind Vadodara|300|||||||&#8221; text_font_size=&#8221;17px&#8221; width=&#8221;85%&#8221; max_width=&#8221;100%&#8221; module_alignment=&#8221;center&#8221; locked=&#8221;off&#8221; global_colors_info=&#8221;{}&#8221;]<\/p>\n<p>Tal como se especifica en las propuestas de la ONU y lo principales organismos internacionales (OCDE, Uni\u00f3n Europea, IPCC, etc.), estas transformaciones corresponden al tr\u00e1nsito de la era del \u201cconsumo y la experiencia\u201d a la denominada era del \u201cEmprender para sobrevivir\u201d o Econom\u00eda Viva. Es decir una econom\u00eda donde cada organizaci\u00f3n dirija y mida su creaci\u00f3n de valor de acuerdo a su aporte a la sociedad civil, los ecosistemas naturales y su desempe\u00f1o financiero.<\/p>\n<p>[\/et_pb_text][\/et_pb_column][et_pb_column type=&#8221;1_2&#8243; _builder_version=&#8221;4.18.0&#8243; _module_preset=&#8221;default&#8221; global_colors_info=&#8221;{}&#8221;][et_pb_image src=&#8221;https:\/\/changeable.fr\/wp-content\/uploads\/2022\/10\/Sustainable_Development_Goals-Copie-min.jpg&#8221; alt=&#8221;Sustainable Development Goals &#8211; ONU&#8221; title_text=&#8221;Sustainable Development Goals &#8211; ONU&#8221; _builder_version=&#8221;4.18.0&#8243; _module_preset=&#8221;default&#8221; width=&#8221;87%&#8221; max_width=&#8221;100%&#8221; global_colors_info=&#8221;{}&#8221;][\/et_pb_image][\/et_pb_column][\/et_pb_row][et_pb_row _builder_version=&#8221;4.18.0&#8243; _module_preset=&#8221;default&#8221; custom_margin=&#8221;0px||0px||false|false&#8221; custom_padding=&#8221;0px||0px||false|false&#8221; global_colors_info=&#8221;{}&#8221;][et_pb_column type=&#8221;4_4&#8243; _builder_version=&#8221;4.17.6&#8243; _module_preset=&#8221;default&#8221; global_colors_info=&#8221;{}&#8221;][et_pb_text _builder_version=&#8221;4.18.0&#8243; _module_preset=&#8221;default&#8221; text_font=&#8221;Hind Vadodara|300|||||||&#8221; text_text_color=&#8221;#515151&#8243; text_font_size=&#8221;17px&#8221; width=&#8221;85%&#8221; max_width=&#8221;100%&#8221; module_alignment=&#8221;center&#8221; custom_css_main_element=&#8221;font-weight: 600;&#8221; global_colors_info=&#8221;{}&#8221;]<\/p>\n<p><span style=\"font-size: large;\">Las transformaciones resultantes son, por lo tanto, hol\u00edsticas.<\/span><\/p>\n<p>[\/et_pb_text][et_pb_text _builder_version=&#8221;4.18.0&#8243; _module_preset=&#8221;default&#8221; text_font=&#8221;Hind Vadodara|300|||||||&#8221; text_font_size=&#8221;17px&#8221; width=&#8221;85%&#8221; max_width=&#8221;100%&#8221; module_alignment=&#8221;center&#8221; locked=&#8221;off&#8221; global_colors_info=&#8221;{}&#8221;]<\/p>\n<p>Para tener \u00e9xito en tal transformaci\u00f3n se requiere tener una din\u00e1mica. Sin embargo, la capacidad de las organizaciones para imaginar, cambiar, cambiar est\u00e1 impulsada por los equipos.<\/p>\n<p><strong><span style=\"font-size: large;\">Observamos que una organizaci\u00f3n se transforma cuando tiene equipos \u201creales\u201d.<\/span><\/strong><\/p>\n<p>Adem\u00e1s, para satisfacer esta necesidad de mayor transformaci\u00f3n, <span style=\"font-weight: 600; color: #515151;\">nuestra misi\u00f3n es facilitar la creaci\u00f3n y el desarrollo de equipos reales,<\/span> capaces de enfrentar los desaf\u00edos de las transiciones sociales y los requisitos del mundo VUCA en el que operamos.<\/p>\n<p>[\/et_pb_text][et_pb_text _builder_version=&#8221;4.18.0&#8243; _module_preset=&#8221;default&#8221; text_font=&#8221;Hind Vadodara|300|||||||&#8221; text_font_size=&#8221;17px&#8221; width=&#8221;85%&#8221; max_width=&#8221;100%&#8221; module_alignment=&#8221;center&#8221; custom_margin=&#8221;||||false|false&#8221; custom_padding=&#8221;||||false|false&#8221; locked=&#8221;off&#8221; global_colors_info=&#8221;{}&#8221;]<\/p>\n<p>En este contexto, hemos creado<\/p>\n<ul>\n<li style=\"list-style-type: none;\">\n<ul><\/ul>\n<\/li>\n<\/ul>\n<p>[\/et_pb_text][\/et_pb_column][\/et_pb_row][et_pb_row column_structure=&#8221;1_2,1_2&#8243; use_custom_gutter=&#8221;on&#8221; gutter_width=&#8221;2&#8243; _builder_version=&#8221;4.18.0&#8243; _module_preset=&#8221;default&#8221; custom_margin=&#8221;||||false|false&#8221; custom_padding=&#8221;25px|20px|0px|20px|false|true&#8221; global_colors_info=&#8221;{}&#8221;][et_pb_column type=&#8221;1_2&#8243; _builder_version=&#8221;4.18.0&#8243; _module_preset=&#8221;default&#8221; background_enable_color=&#8221;off&#8221; animation_style=&#8221;fade&#8221; animation_delay=&#8221;200ms&#8221; border_radii=&#8221;on|5px|5px|5px|5px&#8221; border_color_all=&#8221;#dddddd&#8221; global_colors_info=&#8221;{}&#8221; box_shadow_color__hover_enabled=&#8221;on|desktop&#8221; box_shadow_color__hover=&#8221;rgba(0,0,0,0.2)&#8221;][et_pb_image src=&#8221;https:\/\/changeable.fr\/wp-content\/uploads\/2022\/07\/Partenaires-min.png&#8221; alt=&#8221;un colectivo&#8221; title_text=&#8221;un colectivo&#8221; align=&#8221;center&#8221; _builder_version=&#8221;4.18.0&#8243; _module_preset=&#8221;default&#8221; background_enable_color=&#8221;off&#8221; width=&#8221;14%&#8221; custom_margin=&#8221;||||false|false&#8221; custom_padding=&#8221;||||false|true&#8221; locked=&#8221;off&#8221; global_colors_info=&#8221;{}&#8221;][\/et_pb_image][et_pb_text _builder_version=&#8221;4.19.0&#8243; _module_preset=&#8221;default&#8221; text_font=&#8221;Hind Vadodara|300|||||||&#8221; text_font_size=&#8221;17px&#8221; width=&#8221;85%&#8221; max_width=&#8221;100%&#8221; module_alignment=&#8221;center&#8221; custom_margin=&#8221;||0px||false|false&#8221; custom_padding=&#8221;||||false|false&#8221; locked=&#8221;off&#8221; global_colors_info=&#8221;{}&#8221;]<\/p>\n<ul>\n<li style=\"list-style-type: none;\">\n<ul>\n<li>un colectivo de transformadores lleno de integrantes con distintas especialidades, preparados para llevar la dimensi\u00f3n hol\u00edstica a su proyecto.<\/li>\n<li>Su misi\u00f3n es imaginar, dise\u00f1ar y liderar viajes de transformaci\u00f3n para nuestros clientes y socios.<\/li>\n<\/ul>\n<\/li>\n<\/ul>\n<p>[\/et_pb_text][\/et_pb_column][et_pb_column type=&#8221;1_2&#8243; _builder_version=&#8221;4.18.0&#8243; _module_preset=&#8221;default&#8221; background_enable_color=&#8221;off&#8221; animation_style=&#8221;fade&#8221; animation_delay=&#8221;700ms&#8221; border_radii=&#8221;on|5px|5px|5px|5px&#8221; border_color_all=&#8221;#dddddd&#8221; global_colors_info=&#8221;{}&#8221; box_shadow_color__hover_enabled=&#8221;on|desktop&#8221; box_shadow_color__hover=&#8221;rgba(0,0,0,0.2)&#8221;][et_pb_image src=&#8221;https:\/\/changeable.fr\/wp-content\/uploads\/2022\/10\/offre-de-service-cochez-la-meilleure-option-icone-minimale-min.png&#8221; alt=&#8221;una oferta de servicio&#8221; title_text=&#8221;una oferta de servicio&#8221; align=&#8221;center&#8221; _builder_version=&#8221;4.18.0&#8243; _module_preset=&#8221;default&#8221; background_enable_color=&#8221;off&#8221; width=&#8221;14%&#8221; custom_margin=&#8221;||||false|false&#8221; custom_padding=&#8221;||||false|true&#8221; locked=&#8221;off&#8221; global_colors_info=&#8221;{}&#8221;][\/et_pb_image][et_pb_text _builder_version=&#8221;4.19.0&#8243; _module_preset=&#8221;default&#8221; text_font=&#8221;Hind Vadodara|300|||||||&#8221; text_font_size=&#8221;17px&#8221; width=&#8221;85%&#8221; max_width=&#8221;100%&#8221; module_alignment=&#8221;center&#8221; custom_margin=&#8221;||0px||false|false&#8221; custom_padding=&#8221;||||false|false&#8221; locked=&#8221;off&#8221; global_colors_info=&#8221;{}&#8221;]<\/p>\n<ul>\n<li style=\"list-style-type: none;\">\n<ul>\n<li>una oferta de servicio para explorar y experimentar\n<ul>\n<li style=\"list-style-type: none;\">\n<ul>\n<li>Iluminando el hoy e imaginando el ma\u00f1ana<\/li>\n<li>Explorando con otros ojos<\/li>\n<li>(Trans)formar con la din\u00e1mica de la colaboraci\u00f3n<\/li>\n<li>(De)formar las habilidades del siglo XXI<\/li>\n<\/ul>\n<\/li>\n<\/ul>\n<\/li>\n<\/ul>\n<\/li>\n<\/ul>\n<p>[\/et_pb_text][\/et_pb_column][\/et_pb_row][et_pb_row _builder_version=&#8221;4.18.0&#8243; _module_preset=&#8221;default&#8221; custom_margin=&#8221;||||false|false&#8221; custom_padding=&#8221;20px||40px||false|false&#8221; global_colors_info=&#8221;{}&#8221;][et_pb_column type=&#8221;4_4&#8243; _builder_version=&#8221;4.18.0&#8243; _module_preset=&#8221;default&#8221; global_colors_info=&#8221;{}&#8221;][et_pb_button button_text=&#8221;Descubre nuestras ofertas&#8221; button_alignment=&#8221;center&#8221; _builder_version=&#8221;4.18.0&#8243; _module_preset=&#8221;default&#8221; custom_button=&#8221;on&#8221; button_text_color=&#8221;#FFFFFF&#8221; button_bg_color=&#8221;#42d24a&#8221; button_border_width=&#8221;0px&#8221; button_border_radius=&#8221;10px&#8221; button_font=&#8221;Ubuntu||||||||&#8221; custom_margin=&#8221;-36px||10px||false|false&#8221; custom_css_main_element=&#8221;box-shadow: 0px 3px 20px 5px rgba(0, 0, 0, 0.07);||font-weight: 400;&#8221; locked=&#8221;off&#8221; global_colors_info=&#8221;{}&#8221;][\/et_pb_button][\/et_pb_column][\/et_pb_row][\/et_pb_section]<\/p>\n","protected":false},"excerpt":{"rendered":"<p>\u00bfPara qui\u00e9nes trabajamos?Retos vitales que deben abordar las organizacionesNos estamos enfrentando, y nos seguiremos enfrentando, a importantes transiciones sociales y ambientales. Y este impacto ser\u00e1 un cambio radical en nuestros estilos de vida. Si nuestra forma de consumir bienes y servicios cambia, entonces (todas) las organizaciones deben hoy evolucionar su modelo de negocio, modo de [&hellip;]<\/p>\n","protected":false},"author":1,"featured_media":0,"parent":0,"menu_order":0,"comment_status":"closed","ping_status":"closed","template":"","meta":{"_acf_changed":false,"_et_pb_use_builder":"on","_et_pb_old_content":"","_et_gb_content_width":"","footnotes":""},"class_list":["post-244155","page","type-page","status-publish","hentry"],"acf":[],"yoast_head":"<!-- This site is optimized with the Yoast SEO plugin v25.6 - https:\/\/yoast.com\/wordpress\/plugins\/seo\/ -->\n<title>\u00bfPara qui\u00e9nes trabajamos? - Changeable<\/title>\n<meta name=\"robots\" content=\"index, follow, max-snippet:-1, max-image-preview:large, max-video-preview:-1\" \/>\n<link rel=\"canonical\" href=\"https:\/\/changeable.fr\/es\/para-quienes-trabajamos\/\" \/>\n<meta property=\"og:locale\" content=\"es_ES\" \/>\n<meta property=\"og:type\" content=\"article\" \/>\n<meta property=\"og:title\" content=\"\u00bfPara qui\u00e9nes trabajamos? - Changeable\" \/>\n<meta property=\"og:description\" content=\"Sobre nosotrosEl mundo est\u00e1 cambiando con alta frecuencia y est\u00e1 impulsando nuevas transiciones para atravesar los desaf\u00edos que el crecimiento de los seres humanos enfrenta. Estos cambios son de tal magnitud que cualquier organizaci\u00f3n est\u00e1 y estar\u00e1 obligada a reinventarse: en su prop\u00f3sito, en su funcionamiento y en su gobierno corporativo. Nuestra raz\u00f3n de ser [&hellip;]\" \/>\n<meta property=\"og:url\" content=\"https:\/\/changeable.fr\/es\/para-quienes-trabajamos\/\" \/>\n<meta property=\"og:site_name\" content=\"Changeable\" \/>\n<meta property=\"article:modified_time\" content=\"2023-04-06T13:30:20+00:00\" \/>\n<meta name=\"twitter:card\" content=\"summary_large_image\" \/>\n<meta name=\"twitter:label1\" content=\"Tiempo de lectura\" \/>\n\t<meta name=\"twitter:data1\" content=\"7 minutos\" \/>\n<script type=\"application\/ld+json\" class=\"yoast-schema-graph\">{\"@context\":\"https:\/\/schema.org\",\"@graph\":[{\"@type\":\"WebPage\",\"@id\":\"https:\/\/changeable.fr\/es\/para-quienes-trabajamos\/\",\"url\":\"https:\/\/changeable.fr\/es\/para-quienes-trabajamos\/\",\"name\":\"\u00bfPara qui\u00e9nes trabajamos? - Changeable\",\"isPartOf\":{\"@id\":\"https:\/\/www.changeable.fr\/es\/#website\"},\"datePublished\":\"2022-08-19T17:41:10+00:00\",\"dateModified\":\"2023-04-06T13:30:20+00:00\",\"breadcrumb\":{\"@id\":\"https:\/\/changeable.fr\/es\/para-quienes-trabajamos\/#breadcrumb\"},\"inLanguage\":\"es\",\"potentialAction\":[{\"@type\":\"ReadAction\",\"target\":[\"https:\/\/changeable.fr\/es\/para-quienes-trabajamos\/\"]}]},{\"@type\":\"BreadcrumbList\",\"@id\":\"https:\/\/changeable.fr\/es\/para-quienes-trabajamos\/#breadcrumb\",\"itemListElement\":[{\"@type\":\"ListItem\",\"position\":1,\"name\":\"Accueil\",\"item\":\"https:\/\/changeable.fr\/es\/\"},{\"@type\":\"ListItem\",\"position\":2,\"name\":\"\u00bfPara qui\u00e9nes trabajamos?\"}]},{\"@type\":\"WebSite\",\"@id\":\"https:\/\/www.changeable.fr\/es\/#website\",\"url\":\"https:\/\/www.changeable.fr\/es\/\",\"name\":\"Changeable - Agence de design de transformation\",\"description\":\"Agence de design de transformation\",\"publisher\":{\"@id\":\"https:\/\/www.changeable.fr\/es\/#organization\"},\"potentialAction\":[{\"@type\":\"SearchAction\",\"target\":{\"@type\":\"EntryPoint\",\"urlTemplate\":\"https:\/\/www.changeable.fr\/es\/?s={search_term_string}\"},\"query-input\":{\"@type\":\"PropertyValueSpecification\",\"valueRequired\":true,\"valueName\":\"search_term_string\"}}],\"inLanguage\":\"es\"},{\"@type\":\"Organization\",\"@id\":\"https:\/\/www.changeable.fr\/es\/#organization\",\"name\":\"Changeable - Agence de design de transformation\",\"url\":\"https:\/\/www.changeable.fr\/es\/\",\"logo\":{\"@type\":\"ImageObject\",\"inLanguage\":\"es\",\"@id\":\"https:\/\/www.changeable.fr\/es\/#\/schema\/logo\/image\/\",\"url\":\"https:\/\/changeable.fr\/wp-content\/uploads\/2022\/08\/LOGO-CHANGEABLE-ORKNEY-small-min.png\",\"contentUrl\":\"https:\/\/changeable.fr\/wp-content\/uploads\/2022\/08\/LOGO-CHANGEABLE-ORKNEY-small-min.png\",\"width\":1200,\"height\":263,\"caption\":\"Changeable - Agence de design de transformation\"},\"image\":{\"@id\":\"https:\/\/www.changeable.fr\/es\/#\/schema\/logo\/image\/\"}}]}<\/script>\n<!-- \/ Yoast SEO plugin. -->","yoast_head_json":{"title":"\u00bfPara qui\u00e9nes trabajamos? - Changeable","robots":{"index":"index","follow":"follow","max-snippet":"max-snippet:-1","max-image-preview":"max-image-preview:large","max-video-preview":"max-video-preview:-1"},"canonical":"https:\/\/changeable.fr\/es\/para-quienes-trabajamos\/","og_locale":"es_ES","og_type":"article","og_title":"\u00bfPara qui\u00e9nes trabajamos? - Changeable","og_description":"Sobre nosotrosEl mundo est\u00e1 cambiando con alta frecuencia y est\u00e1 impulsando nuevas transiciones para atravesar los desaf\u00edos que el crecimiento de los seres humanos enfrenta. Estos cambios son de tal magnitud que cualquier organizaci\u00f3n est\u00e1 y estar\u00e1 obligada a reinventarse: en su prop\u00f3sito, en su funcionamiento y en su gobierno corporativo. Nuestra raz\u00f3n de ser [&hellip;]","og_url":"https:\/\/changeable.fr\/es\/para-quienes-trabajamos\/","og_site_name":"Changeable","article_modified_time":"2023-04-06T13:30:20+00:00","twitter_card":"summary_large_image","twitter_misc":{"Tiempo de lectura":"7 minutos"},"schema":{"@context":"https:\/\/schema.org","@graph":[{"@type":"WebPage","@id":"https:\/\/changeable.fr\/es\/para-quienes-trabajamos\/","url":"https:\/\/changeable.fr\/es\/para-quienes-trabajamos\/","name":"\u00bfPara qui\u00e9nes trabajamos? - Changeable","isPartOf":{"@id":"https:\/\/www.changeable.fr\/es\/#website"},"datePublished":"2022-08-19T17:41:10+00:00","dateModified":"2023-04-06T13:30:20+00:00","breadcrumb":{"@id":"https:\/\/changeable.fr\/es\/para-quienes-trabajamos\/#breadcrumb"},"inLanguage":"es","potentialAction":[{"@type":"ReadAction","target":["https:\/\/changeable.fr\/es\/para-quienes-trabajamos\/"]}]},{"@type":"BreadcrumbList","@id":"https:\/\/changeable.fr\/es\/para-quienes-trabajamos\/#breadcrumb","itemListElement":[{"@type":"ListItem","position":1,"name":"Accueil","item":"https:\/\/changeable.fr\/es\/"},{"@type":"ListItem","position":2,"name":"\u00bfPara qui\u00e9nes trabajamos?"}]},{"@type":"WebSite","@id":"https:\/\/www.changeable.fr\/es\/#website","url":"https:\/\/www.changeable.fr\/es\/","name":"Changeable - Agence de design de transformation","description":"Agence de design de transformation","publisher":{"@id":"https:\/\/www.changeable.fr\/es\/#organization"},"potentialAction":[{"@type":"SearchAction","target":{"@type":"EntryPoint","urlTemplate":"https:\/\/www.changeable.fr\/es\/?s={search_term_string}"},"query-input":{"@type":"PropertyValueSpecification","valueRequired":true,"valueName":"search_term_string"}}],"inLanguage":"es"},{"@type":"Organization","@id":"https:\/\/www.changeable.fr\/es\/#organization","name":"Changeable - Agence de design de transformation","url":"https:\/\/www.changeable.fr\/es\/","logo":{"@type":"ImageObject","inLanguage":"es","@id":"https:\/\/www.changeable.fr\/es\/#\/schema\/logo\/image\/","url":"https:\/\/changeable.fr\/wp-content\/uploads\/2022\/08\/LOGO-CHANGEABLE-ORKNEY-small-min.png","contentUrl":"https:\/\/changeable.fr\/wp-content\/uploads\/2022\/08\/LOGO-CHANGEABLE-ORKNEY-small-min.png","width":1200,"height":263,"caption":"Changeable - Agence de design de transformation"},"image":{"@id":"https:\/\/www.changeable.fr\/es\/#\/schema\/logo\/image\/"}}]}},"_links":{"self":[{"href":"https:\/\/changeable.fr\/es\/wp-json\/wp\/v2\/pages\/244155"}],"collection":[{"href":"https:\/\/changeable.fr\/es\/wp-json\/wp\/v2\/pages"}],"about":[{"href":"https:\/\/changeable.fr\/es\/wp-json\/wp\/v2\/types\/page"}],"author":[{"embeddable":true,"href":"https:\/\/changeable.fr\/es\/wp-json\/wp\/v2\/users\/1"}],"replies":[{"embeddable":true,"href":"https:\/\/changeable.fr\/es\/wp-json\/wp\/v2\/comments?post=244155"}],"version-history":[{"count":0,"href":"https:\/\/changeable.fr\/es\/wp-json\/wp\/v2\/pages\/244155\/revisions"}],"wp:attachment":[{"href":"https:\/\/changeable.fr\/es\/wp-json\/wp\/v2\/media?parent=244155"}],"curies":[{"name":"wp","href":"https:\/\/api.w.org\/{rel}","templated":true}]}}